{"id":813,"date":"2025-07-11T16:51:07","date_gmt":"2025-07-11T16:51:07","guid":{"rendered":"https:\/\/radiolandmark.com\/?page_id=813"},"modified":"2025-08-18T14:12:04","modified_gmt":"2025-08-18T14:12:04","slug":"contacto","status":"publish","type":"page","link":"https:\/\/radiolandmark.com\/index.php\/contacto\/","title":{"rendered":"Cont\u00e1ctenos"},"content":{"rendered":"<div data-colibri-id=\"813-c1\" class=\"style-623 style-local-813-c1 position-relative\">\n  <!---->\n  <div data-colibri-component=\"section\" data-colibri-id=\"813-c2\" id=\"contact\" class=\"h-section h-section-global-spacing d-flex align-items-lg-center align-items-md-center align-items-center style-624 style-local-813-c2 position-relative\">\n    <div class=\"background-wrapper\">\n      <div class=\"background-layer background-layer-media-container-lg\">\n        <!---->\n        <div class=\"overlay-layer\">\n          <div class=\"overlay-image-layer\" style=\"background-color: rgb(23, 37, 42); opacity: 0.5;\"><\/div>\n        <\/div>\n      <\/div>\n      <div class=\"background-layer background-layer-media-container-md\">\n        <!---->\n        <div class=\"overlay-layer\">\n          <div class=\"overlay-image-layer\" style=\"background-color: rgb(23, 37, 42); opacity: 0.5;\"><\/div>\n        <\/div>\n      <\/div>\n      <div class=\"background-layer background-layer-media-container\">\n        <!---->\n        <div class=\"overlay-layer\">\n          <div class=\"overlay-image-layer\" style=\"background-color: rgb(23, 37, 42); opacity: 0.5;\"><\/div>\n        <\/div>\n      <\/div>\n    <\/div>\n    <!---->\n    <div class=\"h-section-grid-container h-section-boxed-container\">\n      <!---->\n      <div data-colibri-id=\"813-c3\" class=\"h-row-container gutters-row-lg-2 gutters-row-md-2 gutters-row-2 gutters-row-v-lg-2 gutters-row-v-md-2 gutters-row-v-2 style-625 style-local-813-c3 position-relative\">\n        <!---->\n        <div class=\"h-row justify-content-lg-center justify-content-md-center justify-content-center align-items-lg-stretch align-items-md-stretch align-items-stretch gutters-col-lg-2 gutters-col-md-2 gutters-col-2 gutters-col-v-lg-2 gutters-col-v-md-2 gutters-col-v-2\">\n          <!---->\n          <div class=\"h-column h-column-container d-flex h-col-lg-auto h-col-md-auto h-col-auto style-626-outer style-local-813-c4-outer\">\n            <div data-colibri-id=\"813-c4\" class=\"d-flex h-flex-basis h-column__inner h-px-lg-0 h-px-md-0 h-px-0 v-inner-lg-0 v-inner-md-0 v-inner-0 style-626 style-local-813-c4 position-relative\">\n              <!---->\n              <!---->\n              <div class=\"w-100 h-y-container h-column__content h-column__v-align flex-basis-100 align-self-lg-start align-self-md-start align-self-start\">\n                <!---->\n                <div data-colibri-id=\"813-c5\" class=\"h-row-container gutters-row-lg-0 gutters-row-md-0 gutters-row-0 gutters-row-v-lg-0 gutters-row-v-md-0 gutters-row-v-0 style-627 style-local-813-c5 position-relative\">\n                  <!---->\n                  <div class=\"h-row justify-content-lg-center justify-content-md-center justify-content-center align-items-lg-stretch align-items-md-stretch align-items-stretch gutters-col-lg-0 gutters-col-md-0 gutters-col-0 gutters-col-v-lg-0 gutters-col-v-md-0 gutters-col-v-0\">\n                    <!---->\n                    <div class=\"h-column h-column-container d-flex h-col-lg-auto h-col-md-auto h-col-auto style-628-outer style-local-813-c6-outer\">\n                      <div data-colibri-id=\"813-c6\" class=\"d-flex h-flex-basis h-column__inner h-px-lg-0 h-px-md-0 h-px-0 v-inner-lg-0 v-inner-md-0 v-inner-0 style-628 style-local-813-c6 position-relative\">\n                        <!---->\n                        <!---->\n                        <div class=\"w-100 h-y-container h-column__content h-column__v-align flex-basis-100 align-self-lg-center align-self-md-center align-self-center\">\n                          <!---->\n                          <div data-colibri-id=\"813-c7\" class=\"h-global-transition-all h-heading style-629 style-local-813-c7 position-relative h-element\">\n                            <!---->\n                            <div class=\"h-heading__outer style-629 style-local-813-c7\">\n                              <!---->\n                              <!---->\n                              <h4 class=\"\">Informaci\u00f3n de Contacto<\/h4>\n                            <\/div>\n                          <\/div>\n                          <div data-colibri-id=\"813-c8\" class=\"h-icon style-630 style-local-813-c8 position-relative h-element\">\n                            <!----><span class=\"h-svg-icon h-icon__icon style-630-icon style-local-813-c8-icon\"><!--Icon by Icons8 Line Awesome (https:\/\/icons8.com\/line-awesome)--><svg version=\"1.1\" xmlns=\"http:\/\/www.w3.org\/2000\/svg\" xmlns:xlink=\"http:\/\/www.w3.org\/1999\/xlink\" id=\"binoculars\" viewBox=\"0 0 512 545.5\"><path d=\"M176 112c29.713 0 53.785 20.558 61 48h38c7.215-27.442 31.287-48 61-48 31.48 0 56.644 23.064 62 53 30.428 7.807 56.326 27.65 68 56v.5l.5.5L503 324c5.795 13.502 9 28.423 9 44 0 61.666-50.334 112-112 112-55.546 0-101.847-40.826-110.5-94-8.688 8.553-20.476 14-33.5 14s-24.813-5.447-33.5-14c-8.653 53.174-54.954 94-110.5 94C50.334 480 0 429.666 0 368c0-17.54 4.253-34.19 11.5-49l34-95.5h.5c11.496-31.205 37.775-50.882 68-58.5 5.356-29.936 30.52-53 62-53zm0 32c-19.043 0-32 12.957-32 32v14.5l-14.5 1.5c-24.565 2.586-44.21 17.225-53.5 42v.5L64 267c14.557-6.945 30.852-11 48-11 46.792 0 86.797 29.08 103.5 70 8.577-13.29 23.658-22 40.5-22s31.923 8.71 40.5 22c16.703-40.92 56.708-70 103.5-70 17.38 0 33.794 4.377 48.5 11.5l-12-34c-.14-.34-.354-.662-.5-1-9.246-21.422-29.724-37.997-53.5-40.5l-14.5-1.5V176c0-19.043-12.957-32-32-32s-32 12.957-32 32v16h-96v-16c0-19.043-12.957-32-32-32zm-64 144c-32.328 0-59.852 19.073-72.5 46.5-.28.606-.235 1.387-.5 2-4.2 9.743-7 20.17-7 31.5 0 44.372 35.628 80 80 80s80-35.628 80-80-35.628-80-80-80zm288 0c-44.372 0-80 35.628-80 80s35.628 80 80 80 80-35.628 80-80-35.628-80-80-80zm-144 48c-9.026 0-16 6.974-16 16s6.974 16 16 16 16-6.974 16-16-6.974-16-16-16z\"><\/path><\/svg><\/span><\/div>\n                          <div\n                            data-colibri-id=\"813-c9\" class=\"h-global-transition-all h-heading style-631 style-local-813-c9 position-relative h-element\">\n                            <!---->\n                            <div class=\"h-heading__outer style-631 style-local-813-c9\">\n                              <!---->\n                              <!---->\n                              <h5 class=\"\">Escr\u00edbenos o cont\u00e1ctanos en nuestras redes sociales<\/h5>\n                            <\/div>\n                        <\/div>\n                        <div data-colibri-id=\"813-c10\" class=\"style-632 style-local-813-c10 position-relative h-element\">\n                          <!---->\n                          <div class=\"d-flex flex-wrap h-social-icons justify-content-lg-center justify-content-md-center justify-content-center\">\n                            <div class=\"social-icon-container d-inline-flex\">\n                              <a href=\"https:\/\/www.facebook.com\/people\/Radio-Landmark\/61575327351773\/#\" h-use-smooth-scroll=\"true\">\n                                <div class=\"icon-container h-social-icon h-global-transition\">\n                                  <div class=\"h-icon-svg\" style=\"width: 100%; height: 100%;\">\n                                    <!--Icon by Font Awesome (https:\/\/fontawesome.com)-->\n                                    <svg version=\"1.1\" xmlns=\"http:\/\/www.w3.org\/2000\/svg\" xmlns:xlink=\"http:\/\/www.w3.org\/1999\/xlink\" id=\"facebook-square\" viewBox=\"0 0 1536 1896.0833\">\n                                      <path d=\"M1248 128q119 0 203.5 84.5T1536 416v960q0 119-84.5 203.5T1248 1664h-188v-595h199l30-232h-229V689q0-56 23.5-84t91.5-28l122-1V369q-63-9-178-9-136 0-217.5 80T820 666v171H620v232h200v595H288q-119 0-203.5-84.5T0 1376V416q0-119 84.5-203.5T288 128h960z\"><\/path>\n                                    <\/svg>\n                                  <\/div>\n                                <\/div>\n                              <\/a>\n                            <\/div>\n                            <div class=\"social-icon-container d-inline-flex\">\n                              <a href=\"https:\/\/x.com\/Radio_Landmark\" h-use-smooth-scroll=\"true\">\n                                <div class=\"icon-container h-social-icon h-global-transition\">\n                                  <div class=\"h-icon-svg\" style=\"width: 100%; height: 100%;\">\n                                    <!--Icon by Font Awesome (https:\/\/fontawesome.com)-->\n                                    <svg version=\"1.1\" xmlns=\"http:\/\/www.w3.org\/2000\/svg\" xmlns:xlink=\"http:\/\/www.w3.org\/1999\/xlink\" id=\"twitter-x\" viewBox=\"0 0 512 512\">\n                                      <path d=\"M389.2 48h70.6L305.6 224.2 487 464H345L233.7 318.6 106.5 464H35.8L200.7 275.5 26.8 48H172.4L272.9 180.9 389.2 48zM364.4 421.8h39.1L151.1 88h-42L364.4 421.8z\"><\/path>\n                                    <\/svg>\n                                  <\/div>\n                                <\/div>\n                              <\/a>\n                            <\/div>\n                          <\/div>\n                        <\/div>\n                        <div data-colibri-id=\"813-c11\" class=\"h-text h-text-component style-635 style-local-813-c11 position-relative h-element\">\n                          <!---->\n                          <!---->\n                          <div class=\"\">\n                            <p>Ll\u00e1manos:<\/p>\n                            <p>863-422-9583<\/p>\n                          <\/div>\n                        <\/div>\n                      <\/div>\n                    <\/div>\n                  <\/div>\n                  <div class=\"h-column h-column-container d-flex h-col-lg-auto h-col-md-auto h-col-auto style-633-outer style-local-813-c12-outer\">\n                    <div data-colibri-id=\"813-c12\" class=\"d-flex h-flex-basis h-column__inner h-px-lg-0 h-px-md-0 h-px-0 v-inner-lg-0 v-inner-md-0 v-inner-0 style-633 style-local-813-c12 position-relative\">\n                      <!---->\n                      <!---->\n                      <div class=\"w-100 h-y-container h-column__content h-column__v-align flex-basis-100 align-self-lg-center align-self-md-center align-self-center\">\n                        <!---->\n                        <div data-colibri-id=\"813-c13\" class=\"h-contact-form__outer--forminator style-634 style-local-813-c13 position-relative h-element\">\n                          <!---->\n                          <div class=\"h-global-transition-all h-global-transition h-global-transition-all h-contact-form-shortcode\"><div class=\"forminator-ui forminator-custom-form forminator-custom-form-325 forminator-design--basic  forminator_ajax\" data-forminator-render=\"0\" data-form=\"forminator-module-325\" data-uid=\"69e88f9c1241b\"><br\/><\/div><form\n\t\t\t\tid=\"forminator-module-325\"\n\t\t\t\tclass=\"forminator-ui forminator-custom-form forminator-custom-form-325 forminator-design--basic  forminator_ajax\"\n\t\t\t\tmethod=\"post\"\n\t\t\t\tdata-forminator-render=\"0\"\n\t\t\t\tdata-form-id=\"325\"\n\t\t\t\t\n\t\t\t\tdata-design=\"basic\"\n\t\t\t\tdata-color-option=\"theme\"\n\t\t\t\t\n\t\t\t\t\n\t\t\t\t\n\t\t\t\tdata-grid=\"open\"\n\t\t\t\t\n\t\t\t\t\n\t\t\t\tstyle=\"display: none;\"\n\t\t\t\t\n\t\t\t\tdata-uid=\"69e88f9c1241b\"\n\t\t\t><div role=\"alert\" aria-live=\"polite\" class=\"forminator-response-message forminator-error\" aria-hidden=\"true\"><\/div><div class=\"forminator-row\"><div id=\"name-1\" class=\"forminator-field-name forminator-col forminator-col-12 \"><div class=\"forminator-field\"><label for=\"forminator-field-name-1_69e88f9c1241b\" id=\"forminator-field-name-1_69e88f9c1241b-label\" class=\"forminator-label\">Nombre <span class=\"forminator-required\">*<\/span><\/label><input type=\"text\" name=\"name-1\" value=\"\" placeholder=\"\" id=\"forminator-field-name-1_69e88f9c1241b\" class=\"forminator-input forminator-name--field\" aria-required=\"true\" \/><\/div><\/div><\/div><div class=\"forminator-row\"><div id=\"email-1\" class=\"forminator-field-email forminator-col forminator-col-12 \"><div class=\"forminator-field\"><label for=\"forminator-field-email-1_69e88f9c1241b\" id=\"forminator-field-email-1_69e88f9c1241b-label\" class=\"forminator-label\">Correo Electr\u00f3nico <span class=\"forminator-required\">*<\/span><\/label><input type=\"email\" name=\"email-1\" value=\"\" placeholder=\"\" id=\"forminator-field-email-1_69e88f9c1241b\" class=\"forminator-input forminator-email--field\" data-required=\"true\" aria-required=\"true\" \/><\/div><\/div><\/div><div class=\"forminator-row\"><div id=\"phone-1\" class=\"forminator-field-phone forminator-col forminator-col-12 \"><div class=\"forminator-field\"><label for=\"forminator-field-phone-1_69e88f9c1241b\" id=\"forminator-field-phone-1_69e88f9c1241b-label\" class=\"forminator-label\">N\u00famero de Tel\u00e9fono<\/label><input type=\"text\" name=\"phone-1\" value=\"\" placeholder=\"\" id=\"forminator-field-phone-1_69e88f9c1241b\" class=\"forminator-input forminator-field--phone\" data-required=\"\" aria-required=\"false\" autocomplete=\"off\" \/><\/div><\/div><\/div><div class=\"forminator-row\"><div id=\"textarea-1\" class=\"forminator-field-textarea forminator-col forminator-col-12 \"><div class=\"forminator-field\"><label for=\"forminator-field-textarea-1_69e88f9c1241b\" id=\"forminator-field-textarea-1_69e88f9c1241b-label\" class=\"forminator-label\">Mensaje<\/label><span id=\"forminator-field-textarea-1_69e88f9c1241b-description\" class=\"forminator-description\"><span data-limit=\"180\" data-type=\"characters\" data-editor=\"\">0 \/ 180<\/span><\/span><textarea name=\"textarea-1\" placeholder=\"\" id=\"forminator-field-textarea-1_69e88f9c1241b\" class=\"forminator-textarea\" rows=\"6\" style=\"min-height:140px;\" maxlength=\"180\" ><\/textarea><\/div><\/div><\/div><input type=\"hidden\" name=\"referer_url\" value=\"\" \/><div class=\"forminator-row forminator-row-last\"><div class=\"forminator-col\"><div class=\"forminator-field\"><button class=\"forminator-button forminator-button-submit\">Enviar<\/button><\/div><\/div><\/div><input type=\"hidden\" id=\"forminator_nonce\" name=\"forminator_nonce\" value=\"3fbff12708\" \/><input type=\"hidden\" name=\"_wp_http_referer\" value=\"\/index.php\/wp-json\/wp\/v2\/pages\/813\" \/><input type=\"hidden\" name=\"form_id\" value=\"325\"><input type=\"hidden\" name=\"page_id\" value=\"813\"><input type=\"hidden\" name=\"form_type\" value=\"default\"><input type=\"hidden\" name=\"current_url\" value=\"https:\/\/radiolandmark.com\/index.php\/contacto\/\"><input type=\"hidden\" name=\"render_id\" value=\"0\"><input type=\"hidden\" name=\"action\" value=\"forminator_submit_form_custom-forms\"><\/form><\/div>\n                        <\/div>\n                      <\/div>\n                    <\/div>\n                  <\/div>\n                <\/div>\n              <\/div>\n            <\/div>\n          <\/div>\n        <\/div>\n      <\/div>\n    <\/div>\n  <\/div>\n<\/div>\n<\/div>","protected":false},"excerpt":{"rendered":"<p>Informaci\u00f3n de Contacto Escr\u00edbenos o cont\u00e1ctanos en nuestras redes sociales Ll\u00e1manos: 863-422-9583<\/p>\n","protected":false},"author":1,"featured_media":0,"parent":0,"menu_order":0,"comment_status":"closed","ping_status":"closed","template":"page-templates\/full-width-page.php","meta":{"footnotes":""},"class_list":["post-813","page","type-page","status-publish","hentry"],"yoast_head":"<!-- This site is optimized with the Yoast SEO plugin v25.9 - https:\/\/yoast.com\/wordpress\/plugins\/seo\/ -->\n<title>Cont\u00e1ctenos - radiolandmark.com<\/title>\n<meta name=\"robots\" content=\"index, follow, max-snippet:-1, max-image-preview:large, max-video-preview:-1\" \/>\n<link rel=\"canonical\" href=\"https:\/\/radiolandmark.com\/index.php\/contacto\/\" \/>\n<meta property=\"og:locale\" content=\"en_US\" \/>\n<meta property=\"og:type\" content=\"article\" \/>\n<meta property=\"og:title\" content=\"Cont\u00e1ctenos - radiolandmark.com\" \/>\n<meta property=\"og:description\" content=\"Informaci\u00f3n de Contacto Escr\u00edbenos o cont\u00e1ctanos en nuestras redes sociales Ll\u00e1manos: 863-422-9583\" \/>\n<meta property=\"og:url\" content=\"https:\/\/radiolandmark.com\/index.php\/contacto\/\" \/>\n<meta property=\"og:site_name\" content=\"radiolandmark.com\" \/>\n<meta property=\"article:publisher\" content=\"https:\/\/www.facebook.com\/Radio-Landmark\" \/>\n<meta property=\"article:modified_time\" content=\"2025-08-18T14:12:04+00:00\" \/>\n<meta name=\"twitter:card\" content=\"summary_large_image\" \/>\n<meta name=\"twitter:site\" content=\"@Radio_Landmark\" \/>\n<script type=\"application\/ld+json\" class=\"yoast-schema-graph\">{\"@context\":\"https:\/\/schema.org\",\"@graph\":[{\"@type\":\"WebPage\",\"@id\":\"https:\/\/radiolandmark.com\/index.php\/contacto\/\",\"url\":\"https:\/\/radiolandmark.com\/index.php\/contacto\/\",\"name\":\"Cont\u00e1ctenos - radiolandmark.com\",\"isPartOf\":{\"@id\":\"https:\/\/radiolandmark.com\/#website\"},\"datePublished\":\"2025-07-11T16:51:07+00:00\",\"dateModified\":\"2025-08-18T14:12:04+00:00\",\"breadcrumb\":{\"@id\":\"https:\/\/radiolandmark.com\/index.php\/contacto\/#breadcrumb\"},\"inLanguage\":\"en-US\",\"potentialAction\":[{\"@type\":\"ReadAction\",\"target\":[\"https:\/\/radiolandmark.com\/index.php\/contacto\/\"]}]},{\"@type\":\"BreadcrumbList\",\"@id\":\"https:\/\/radiolandmark.com\/index.php\/contacto\/#breadcrumb\",\"itemListElement\":[{\"@type\":\"ListItem\",\"position\":1,\"name\":\"Home\",\"item\":\"https:\/\/radiolandmark.com\/\"},{\"@type\":\"ListItem\",\"position\":2,\"name\":\"Cont\u00e1ctenos\"}]},{\"@type\":\"WebSite\",\"@id\":\"https:\/\/radiolandmark.com\/#website\",\"url\":\"https:\/\/radiolandmark.com\/\",\"name\":\"radiolandmark.com\",\"description\":\"\",\"publisher\":{\"@id\":\"https:\/\/radiolandmark.com\/#organization\"},\"potentialAction\":[{\"@type\":\"SearchAction\",\"target\":{\"@type\":\"EntryPoint\",\"urlTemplate\":\"https:\/\/radiolandmark.com\/?s={search_term_string}\"},\"query-input\":{\"@type\":\"PropertyValueSpecification\",\"valueRequired\":true,\"valueName\":\"search_term_string\"}}],\"inLanguage\":\"en-US\"},{\"@type\":\"Organization\",\"@id\":\"https:\/\/radiolandmark.com\/#organization\",\"name\":\"radiolandmark.com\",\"url\":\"https:\/\/radiolandmark.com\/\",\"logo\":{\"@type\":\"ImageObject\",\"inLanguage\":\"en-US\",\"@id\":\"https:\/\/radiolandmark.com\/#\/schema\/logo\/image\/\",\"url\":\"https:\/\/radiolandmark.com\/wp-content\/uploads\/2025\/07\/cropped-cropped-Radio-Landmark-3.5-x-3.5.png\",\"contentUrl\":\"https:\/\/radiolandmark.com\/wp-content\/uploads\/2025\/07\/cropped-cropped-Radio-Landmark-3.5-x-3.5.png\",\"width\":1050,\"height\":1050,\"caption\":\"radiolandmark.com\"},\"image\":{\"@id\":\"https:\/\/radiolandmark.com\/#\/schema\/logo\/image\/\"},\"sameAs\":[\"https:\/\/www.facebook.com\/Radio-Landmark\",\"https:\/\/x.com\/Radio_Landmark\"]}]}<\/script>\n<!-- \/ Yoast SEO plugin. -->","yoast_head_json":{"title":"Cont\u00e1ctenos - radiolandmark.com","robots":{"index":"index","follow":"follow","max-snippet":"max-snippet:-1","max-image-preview":"max-image-preview:large","max-video-preview":"max-video-preview:-1"},"canonical":"https:\/\/radiolandmark.com\/index.php\/contacto\/","og_locale":"en_US","og_type":"article","og_title":"Cont\u00e1ctenos - radiolandmark.com","og_description":"Informaci\u00f3n de Contacto Escr\u00edbenos o cont\u00e1ctanos en nuestras redes sociales Ll\u00e1manos: 863-422-9583","og_url":"https:\/\/radiolandmark.com\/index.php\/contacto\/","og_site_name":"radiolandmark.com","article_publisher":"https:\/\/www.facebook.com\/Radio-Landmark","article_modified_time":"2025-08-18T14:12:04+00:00","twitter_card":"summary_large_image","twitter_site":"@Radio_Landmark","schema":{"@context":"https:\/\/schema.org","@graph":[{"@type":"WebPage","@id":"https:\/\/radiolandmark.com\/index.php\/contacto\/","url":"https:\/\/radiolandmark.com\/index.php\/contacto\/","name":"Cont\u00e1ctenos - radiolandmark.com","isPartOf":{"@id":"https:\/\/radiolandmark.com\/#website"},"datePublished":"2025-07-11T16:51:07+00:00","dateModified":"2025-08-18T14:12:04+00:00","breadcrumb":{"@id":"https:\/\/radiolandmark.com\/index.php\/contacto\/#breadcrumb"},"inLanguage":"en-US","potentialAction":[{"@type":"ReadAction","target":["https:\/\/radiolandmark.com\/index.php\/contacto\/"]}]},{"@type":"BreadcrumbList","@id":"https:\/\/radiolandmark.com\/index.php\/contacto\/#breadcrumb","itemListElement":[{"@type":"ListItem","position":1,"name":"Home","item":"https:\/\/radiolandmark.com\/"},{"@type":"ListItem","position":2,"name":"Cont\u00e1ctenos"}]},{"@type":"WebSite","@id":"https:\/\/radiolandmark.com\/#website","url":"https:\/\/radiolandmark.com\/","name":"radiolandmark.com","description":"","publisher":{"@id":"https:\/\/radiolandmark.com\/#organization"},"potentialAction":[{"@type":"SearchAction","target":{"@type":"EntryPoint","urlTemplate":"https:\/\/radiolandmark.com\/?s={search_term_string}"},"query-input":{"@type":"PropertyValueSpecification","valueRequired":true,"valueName":"search_term_string"}}],"inLanguage":"en-US"},{"@type":"Organization","@id":"https:\/\/radiolandmark.com\/#organization","name":"radiolandmark.com","url":"https:\/\/radiolandmark.com\/","logo":{"@type":"ImageObject","inLanguage":"en-US","@id":"https:\/\/radiolandmark.com\/#\/schema\/logo\/image\/","url":"https:\/\/radiolandmark.com\/wp-content\/uploads\/2025\/07\/cropped-cropped-Radio-Landmark-3.5-x-3.5.png","contentUrl":"https:\/\/radiolandmark.com\/wp-content\/uploads\/2025\/07\/cropped-cropped-Radio-Landmark-3.5-x-3.5.png","width":1050,"height":1050,"caption":"radiolandmark.com"},"image":{"@id":"https:\/\/radiolandmark.com\/#\/schema\/logo\/image\/"},"sameAs":["https:\/\/www.facebook.com\/Radio-Landmark","https:\/\/x.com\/Radio_Landmark"]}]}},"_links":{"self":[{"href":"https:\/\/radiolandmark.com\/index.php\/wp-json\/wp\/v2\/pages\/813","targetHints":{"allow":["GET"]}}],"collection":[{"href":"https:\/\/radiolandmark.com\/index.php\/wp-json\/wp\/v2\/pages"}],"about":[{"href":"https:\/\/radiolandmark.com\/index.php\/wp-json\/wp\/v2\/types\/page"}],"author":[{"embeddable":true,"href":"https:\/\/radiolandmark.com\/index.php\/wp-json\/wp\/v2\/users\/1"}],"replies":[{"embeddable":true,"href":"https:\/\/radiolandmark.com\/index.php\/wp-json\/wp\/v2\/comments?post=813"}],"version-history":[{"count":7,"href":"https:\/\/radiolandmark.com\/index.php\/wp-json\/wp\/v2\/pages\/813\/revisions"}],"predecessor-version":[{"id":1017,"href":"https:\/\/radiolandmark.com\/index.php\/wp-json\/wp\/v2\/pages\/813\/revisions\/1017"}],"wp:attachment":[{"href":"https:\/\/radiolandmark.com\/index.php\/wp-json\/wp\/v2\/media?parent=813"}],"curies":[{"name":"wp","href":"https:\/\/api.w.org\/{rel}","templated":true}]}}